{"id":9,"date":"2022-08-04T12:17:47","date_gmt":"2022-08-04T10:17:47","guid":{"rendered":"https:\/\/box-log.be\/?page_id=9"},"modified":"2022-08-04T12:42:07","modified_gmt":"2022-08-04T10:42:07","slug":"elementor-9","status":"publish","type":"page","link":"https:\/\/box-log.be\/","title":{"rendered":"Elementor #9"},"content":{"rendered":"\t\t<div data-elementor-type=\"wp-post\" data-elementor-id=\"9\" class=\"elementor elementor-9\">\n\t\t\t\t\t\t\t\t\t<section class=\"elementor-section elementor-top-section elementor-element elementor-element-c12dd54 elementor-section-full_width elementor-section-height-default elementor-section-height-default\" data-id=\"c12dd54\" data-element_type=\"section\" data-settings=\"{&quot;background_background&quot;:&quot;slideshow&quot;,&quot;background_slideshow_gallery&quot;:[{&quot;id&quot;:31,&quot;url&quot;:&quot;https:\\\/\\\/box-log.be\\\/wp-content\\\/uploads\\\/2022\\\/08\\\/pexels-cleyder-duque-3821385-scaled.jpg&quot;},{&quot;id&quot;:26,&quot;url&quot;:&quot;https:\\\/\\\/box-log.be\\\/wp-content\\\/uploads\\\/2022\\\/08\\\/AdobeStock_48560872-scaled.jpeg&quot;},{&quot;id&quot;:28,&quot;url&quot;:&quot;https:\\\/\\\/box-log.be\\\/wp-content\\\/uploads\\\/2022\\\/08\\\/AdobeStock_374151131-scaled.jpeg&quot;},{&quot;id&quot;:33,&quot;url&quot;:&quot;https:\\\/\\\/box-log.be\\\/wp-content\\\/uploads\\\/2022\\\/08\\\/pexels-tiger-lily-4481323-scaled.jpg&quot;},{&quot;id&quot;:34,&quot;url&quot;:&quot;https:\\\/\\\/box-log.be\\\/wp-content\\\/uploads\\\/2022\\\/08\\\/pexels-tiger-lily-4481326-scaled.jpg&quot;}],&quot;background_slideshow_loop&quot;:&quot;yes&quot;,&quot;background_slideshow_slide_duration&quot;:5000,&quot;background_slideshow_slide_transition&quot;:&quot;fade&quot;,&quot;background_slideshow_transition_duration&quot;:500}\">\n\t\t\t\t\t\t<div class=\"elementor-container elementor-column-gap-default\">\n\t\t\t\t\t<div class=\"elementor-column elementor-col-100 elementor-top-column elementor-element elementor-element-59e09ae\" data-id=\"59e09ae\" data-element_type=\"column\">\n\t\t\t<div class=\"elementor-widget-wrap elementor-element-populated\">\n\t\t\t\t\t\t\t\t<div class=\"elementor-element elementor-element-47692a9 elementor-widget elementor-widget-image\" data-id=\"47692a9\" data-element_type=\"widget\" data-widget_type=\"image.default\">\n\t\t\t\t<div class=\"elementor-widget-container\">\n\t\t\t<style>\/*! elementor - v3.6.8 - 27-07-2022 *\/\n.elementor-widget-image{text-align:center}.elementor-widget-image a{display:inline-block}.elementor-widget-image a img[src$=\".svg\"]{width:48px}.elementor-widget-image img{vertical-align:middle;display:inline-block}<\/style>\t\t\t\t\t\t\t\t\t\t\t\t<img loading=\"lazy\" decoding=\"async\" width=\"1500\" height=\"1500\" src=\"https:\/\/box-log.be\/wp-content\/uploads\/2022\/08\/BOX-LOG-BLANC-ombre.png\" class=\"attachment-full size-full\" alt=\"\" srcset=\"https:\/\/box-log.be\/wp-content\/uploads\/2022\/08\/BOX-LOG-BLANC-ombre.png 1500w, https:\/\/box-log.be\/wp-content\/uploads\/2022\/08\/BOX-LOG-BLANC-ombre-300x300.png 300w, https:\/\/box-log.be\/wp-content\/uploads\/2022\/08\/BOX-LOG-BLANC-ombre-1024x1024.png 1024w, https:\/\/box-log.be\/wp-content\/uploads\/2022\/08\/BOX-LOG-BLANC-ombre-150x150.png 150w, https:\/\/box-log.be\/wp-content\/uploads\/2022\/08\/BOX-LOG-BLANC-ombre-768x768.png 768w\" sizes=\"auto, (max-width: 1500px) 100vw, 1500px\" \/>\t\t\t\t\t\t\t\t\t\t\t\t\t\t\t<\/div>\n\t\t\t\t<\/div>\n\t\t\t\t<div class=\"elementor-element elementor-element-343c878 elementor-widget elementor-widget-text-editor\" data-id=\"343c878\" data-element_type=\"widget\" data-widget_type=\"text-editor.default\">\n\t\t\t\t<div class=\"elementor-widget-container\">\n\t\t\t<style>\/*! elementor - v3.6.8 - 27-07-2022 *\/\n.elementor-widget-text-editor.elementor-drop-cap-view-stacked .elementor-drop-cap{background-color:#818a91;color:#fff}.elementor-widget-text-editor.elementor-drop-cap-view-framed .elementor-drop-cap{color:#818a91;border:3px solid;background-color:transparent}.elementor-widget-text-editor:not(.elementor-drop-cap-view-default) .elementor-drop-cap{margin-top:8px}.elementor-widget-text-editor:not(.elementor-drop-cap-view-default) .elementor-drop-cap-letter{width:1em;height:1em}.elementor-widget-text-editor .elementor-drop-cap{float:left;text-align:center;line-height:1;font-size:50px}.elementor-widget-text-editor .elementor-drop-cap-letter{display:inline-block}<\/style>\t\t\t\t<h1>Boxes et entrep\u00f4ts, allant de 15m\u00b2 jusque 500m\u00b2, destin\u00e9s \u00e0 usage de stockage, disponibles \u00e0 la location.<\/h1><h1>Situ\u00e9s dans l\u2019hyper centre de Binche. Nos surfaces sont modulables selon vos besoins.<\/h1><h1>Infos et disponibilit\u00e9s via <span class=\"pq6dq46d tbxw36s4 knj5qynh kvgmc6g5 ditlmg2l oygrvhab nvdbi5me sf5mxxl7 gl3lb2sf hhz5lgdu\"><img loading=\"lazy\" decoding=\"async\" src=\"https:\/\/static.xx.fbcdn.net\/images\/emoji.php\/v9\/tbe\/1\/16\/1f4e7.png\" alt=\"\ud83d\udce7\" width=\"16\" height=\"16\" \/><\/span> info@box-log.be<\/h1>\t\t\t\t\t\t<\/div>\n\t\t\t\t<\/div>\n\t\t\t\t\t<\/div>\n\t\t<\/div>\n\t\t\t\t\t\t\t<\/div>\n\t\t<\/section>\n\t\t\t\t\t\t\t<\/div>\n\t\t","protected":false},"excerpt":{"rendered":"<p>Boxes et entrep\u00f4ts, allant de 15m\u00b2 jusque 500m\u00b2, destin\u00e9s \u00e0 usage de stockage, disponibles \u00e0 la location. Situ\u00e9s dans l\u2019hyper centre de Binche. Nos surfaces sont modulables selon vos besoins. Infos et disponibilit\u00e9s via info@box-log.be<\/p>\n","protected":false},"author":1,"featured_media":0,"parent":0,"menu_order":0,"comment_status":"closed","ping_status":"closed","template":"elementor_canvas","meta":{"footnotes":""},"class_list":["post-9","page","type-page","status-publish","hentry"],"_links":{"self":[{"href":"https:\/\/box-log.be\/index.php\/wp-json\/wp\/v2\/pages\/9","targetHints":{"allow":["GET"]}}],"collection":[{"href":"https:\/\/box-log.be\/index.php\/wp-json\/wp\/v2\/pages"}],"about":[{"href":"https:\/\/box-log.be\/index.php\/wp-json\/wp\/v2\/types\/page"}],"author":[{"embeddable":true,"href":"https:\/\/box-log.be\/index.php\/wp-json\/wp\/v2\/users\/1"}],"replies":[{"embeddable":true,"href":"https:\/\/box-log.be\/index.php\/wp-json\/wp\/v2\/comments?post=9"}],"version-history":[{"count":43,"href":"https:\/\/box-log.be\/index.php\/wp-json\/wp\/v2\/pages\/9\/revisions"}],"predecessor-version":[{"id":71,"href":"https:\/\/box-log.be\/index.php\/wp-json\/wp\/v2\/pages\/9\/revisions\/71"}],"wp:attachment":[{"href":"https:\/\/box-log.be\/index.php\/wp-json\/wp\/v2\/media?parent=9"}],"curies":[{"name":"wp","href":"https:\/\/api.w.org\/{rel}","templated":true}]}}